{"id":4817,"date":"2024-10-20T13:56:00","date_gmt":"2024-10-20T16:56:00","guid":{"rendered":"https:\/\/wistor.com.br\/blog\/?page_id=4817"},"modified":"2024-10-20T18:48:28","modified_gmt":"2024-10-20T21:48:28","slug":"conversor-e-upscaler-de-imagem","status":"publish","type":"page","link":"https:\/\/wistor.com.br\/blog\/conversor-e-upscaler-de-imagem\/","title":{"rendered":"Editor gratuito de Imagens: Convers\u00e3o de formato e Aumento de Resolu\u00e7\u00e3o"},"content":{"rendered":"\t\t<div data-elementor-type=\"wp-page\" data-elementor-id=\"4817\" class=\"elementor elementor-4817\">\n\t\t\t\t<div class=\"elementor-element elementor-element-467fb54 e-flex e-con-boxed e-con e-parent\" data-id=\"467fb54\" data-element_type=\"container\" data-e-type=\"container\">\n\t\t\t\t\t<div class=\"e-con-inner\">\n\t\t\t\t<div class=\"elementor-element elementor-element-4d00dc6 elementor-widget elementor-widget-heading\" data-id=\"4d00dc6\" data-element_type=\"widget\" data-e-type=\"widget\" data-widget_type=\"heading.default\">\n\t\t\t\t<div class=\"elementor-widget-container\">\n\t\t\t\t\t<h1 class=\"elementor-heading-title elementor-size-default\">Converta e melhore a resolu\u00e7\u00e3o das suas imagens, gr\u00e1tis!<\/h1>\t\t\t\t<\/div>\n\t\t\t\t<\/div>\n\t\t\t\t\t<\/div>\n\t\t\t\t<\/div>\n\t\t<div class=\"elementor-element elementor-element-cf6593b e-flex e-con-boxed e-con e-parent\" data-id=\"cf6593b\" data-element_type=\"container\" data-e-type=\"container\">\n\t\t\t\t\t<div class=\"e-con-inner\">\n\t\t\t\t<div class=\"elementor-element elementor-element-dbadc05 elementor-widget elementor-widget-penci-text-block\" data-id=\"dbadc05\" data-element_type=\"widget\" data-e-type=\"widget\" data-widget_type=\"penci-text-block.default\">\n\t\t\t\t<div class=\"elementor-widget-container\">\n\t\t\t\t\t\t\t<div class=\"penci-block-vc penci-text-editor\">\n\t\t\t    <div class=\"penci-border-arrow penci-homepage-title penci-home-latest-posts style-5 pcalign-left pciconp-right pcicon-right block-title-icon-left\">\n        <h3 class=\"inner-arrow\">\n        <span>\n                    <span>Editor de Imagens gratuito<\/a>                <\/span>\n        <\/h3>\n\t\t        <\/div>\n\t\t\t\t\t<div class=\"penci-block_content\">\n\t\t\t\t<div class=\"elementor-text-editor elementor-clearfix\"><p>Seja voc\u00ea um fot\u00f3grafo, criador de conte\u00fado por Intelig\u00eancia Artificial ou editores de imagens, ou trabalhe com cat\u00e1logo de imagens de maneira geral, experimente o nosso<strong> Conversor e Upscaler de Imagens<\/strong> \u00e9 a ferramenta perfeita para garantir que suas imagens estejam sempre com a melhor qualidade poss\u00edvel. <strong>Carregue sua imagem agora e veja a m\u00e1gica acontecer!<\/strong><\/p><h4>Como Funciona o Upscaler?<\/h4><p>Nosso <strong>upscaler de imagem<\/strong> \u00e9 simples de usar. Em poucos passos, voc\u00ea pode fazer o upload de sua imagem e fazer o download da vers\u00e3o convertida e\/ou aprimorada:<\/p><ol><li><p><strong>Upload<\/strong>: Selecione a imagem que voc\u00ea deseja converter ou melhorar. O sistema suporta uma variedade de formatos, incluindo <strong>PNG<\/strong>, <strong>JPEG<\/strong> e <strong>WEBP<\/strong>.<\/p><\/li><li><p><strong>Upscale Inteligente<\/strong>: A IA entra em a\u00e7\u00e3o para duplicar a resolu\u00e7\u00e3o da imagem, preservando os detalhes e melhorando a qualidade.<\/p><\/li><li><p><strong>Download<\/strong>: Em poucos segundos, a imagem aprimorada estar\u00e1 pronta para download.<\/p><\/li><\/ol><\/div>\n\t\t\t<\/div>\n\t\t<\/div>\n\t\t\t\t\t\t<\/div>\n\t\t\t\t<\/div>\n\t\t\t\t\t<\/div>\n\t\t\t\t<\/div>\n\t\t<div class=\"elementor-element elementor-element-083f33e e-flex e-con-boxed e-con e-parent\" data-id=\"083f33e\" data-element_type=\"container\" data-e-type=\"container\">\n\t\t\t\t\t<div class=\"e-con-inner\">\n\t\t\t\t<div class=\"elementor-element elementor-element-c8a6b64 elementor-widget elementor-widget-text-editor\" data-id=\"c8a6b64\" data-element_type=\"widget\" data-e-type=\"widget\" data-widget_type=\"text-editor.default\">\n\t\t\t\t<div class=\"elementor-widget-container\">\n\t\t\t\t\t\t\t\t\t<h2><strong>Utilize nosso editor de imagens logo abaixo, sem complica\u00e7\u00f5es.<\/strong><\/h2>\t\t\t\t\t\t\t\t<\/div>\n\t\t\t\t<\/div>\n\t\t\t\t\t<\/div>\n\t\t\t\t<\/div>\n\t\t<div class=\"elementor-element elementor-element-082c3cc e-flex e-con-boxed e-con e-parent\" data-id=\"082c3cc\" data-element_type=\"container\" data-e-type=\"container\">\n\t\t\t\t\t<div class=\"e-con-inner\">\n\t\t\t\t<div class=\"elementor-element elementor-element-3ca0d31 elementor-widget elementor-widget-spacer\" data-id=\"3ca0d31\" data-element_type=\"widget\" data-e-type=\"widget\" data-widget_type=\"spacer.default\">\n\t\t\t\t<div class=\"elementor-widget-container\">\n\t\t\t\t\t\t\t<div class=\"elementor-spacer\">\n\t\t\t<div class=\"elementor-spacer-inner\"><\/div>\n\t\t<\/div>\n\t\t\t\t\t\t<\/div>\n\t\t\t\t<\/div>\n\t\t\t\t\t<\/div>\n\t\t\t\t<\/div>\n\t\t<div class=\"elementor-element elementor-element-ba53a29 e-flex e-con-boxed e-con e-parent\" data-id=\"ba53a29\" data-element_type=\"container\" data-e-type=\"container\">\n\t\t\t\t\t<div class=\"e-con-inner\">\n\t\t\t\t<div class=\"elementor-element elementor-element-d10d10f elementor-widget elementor-widget-shortcode\" data-id=\"d10d10f\" data-element_type=\"widget\" data-e-type=\"widget\" data-widget_type=\"shortcode.default\">\n\t\t\t\t<div class=\"elementor-widget-container\">\n\t\t\t\t\t\t\t<div class=\"elementor-shortcode\">    <div class=\"converter-container\">\n        <style>\n            .converter-container {\n                max-width: 600px;\n                margin: 0 auto;\n                padding: 20px;\n                font-family: 'Arial', sans-serif;\n                background-color: #f9f9f9;\n                border-radius: 12px;\n                box-shadow: 0 4px 12px rgba(0, 0, 0, 0.1);\n            }\n            h2 {\n                font-size: 24px;\n                color: #005885;\n                text-align: center;\n                margin-bottom: 20px;\n            }\n            .upload-label {\n                display: inline-block;\n                width: 100%;\n                text-align: center;\n                padding: 14px;\n                background-color: #0073aa;\n                color: #fff;\n                cursor: pointer;\n                border-radius: 25px;\n                border: 2px solid transparent;\n                font-size: 16px;\n                text-transform: uppercase;\n                font-weight: 600;\n                transition: background-color 0.3s, border-color 0.3s;\n                box-shadow: 0 3px 6px rgba(0, 115, 170, 0.3);\n            }\n            .upload-label:hover {\n                background-color: #005885;\n                border-color: #005885;\n            }\n            button {\n                width: 100%;\n                padding: 14px;\n                background-color: #0073aa;\n                color: #fff;\n                border: none;\n                border-radius: 25px;\n                font-size: 16px;\n                text-transform: uppercase;\n                font-weight: 600;\n                cursor: pointer;\n                margin-top: 15px;\n                transition: background-color 0.3s;\n            }\n            button:hover {\n                background-color: #005885;\n            }\n            select {\n                width: 100%;\n                padding: 10px;\n                margin-top: 10px;\n                border-radius: 8px;\n                border: 1px solid #ccc;\n                font-size: 16px;\n            }\n            label {\n                font-size: 14px;\n                color: #666;\n                margin-bottom: 5px;\n                display: block;\n                text-align: left;\n            }\n            .link-container {\n                margin-top: 20px;\n                font-size: 14px;\n                color: green;\n                text-align: center;\n            }\n            @media (max-width: 600px) {\n                h2 {\n                    font-size: 20px;\n                }\n                .upload-label, button, select {\n                    font-size: 14px;\n                    padding: 12px;\n                }\n            }\n        <\/style>\n\n        <!-- Se\u00e7\u00e3o: Conversor de Imagem -->\n        <div class=\"input-container\">\n            <h2>Conversor de Imagem<\/h2>\n            <label for=\"upload-convert-image\" class=\"upload-label\">Selecionar Imagem<\/label>\n            <input type=\"file\" id=\"upload-convert-image\" accept=\"image\/*\" style=\"display: none;\">\n            <div id=\"convert-upload-status\" class=\"link-container\">Nenhuma imagem selecionada.<\/div>\n            <label for=\"image-format\">Converter para o formato:<\/label>\n            <select id=\"image-format\">\n                <option value=\"png\">PNG<\/option>\n                <option value=\"jpeg\">JPEG<\/option>\n                <option value=\"webp\">WEBP<\/option>\n            <\/select>\n            <button id=\"convertImageButton\" disabled>Converter Imagem<\/button>\n            <div id=\"convert-status\" class=\"link-container\"><\/div>\n        <\/div>\n\n        <!-- Se\u00e7\u00e3o: Upscaler de Imagem -->\n        <div class=\"input-container\">\n            <h2>Upscaler de Imagem<\/h2>\n            <label for=\"upload-upscale-image\" class=\"upload-label\">Selecionar Imagem<\/label>\n            <input type=\"file\" id=\"upload-upscale-image\" accept=\"image\/*\" style=\"display: none;\">\n            <div id=\"upscale-upload-status\" class=\"link-container\">Nenhuma imagem selecionada.<\/div>\n            <button id=\"upscaleImageButton\" disabled>Fazer Upscale de Imagem<\/button>\n            <div id=\"upscale-status\" class=\"link-container\"><\/div>\n        <\/div>\n    <\/div>\n\n    <script>\n        const convertCanvas = document.createElement('canvas');\n        const upscaleCanvas = document.createElement('canvas');\n\n        \/\/ Fun\u00e7\u00e3o para o Conversor de Imagem\n        const uploadConvertInput = document.getElementById('upload-convert-image');\n        const convertImageButton = document.getElementById('convertImageButton');\n        const convertStatus = document.getElementById('convert-status');\n        const convertUploadStatus = document.getElementById('convert-upload-status');\n        const imageFormatSelect = document.getElementById('image-format');\n        let convertImage = new Image();\n\n        uploadConvertInput.addEventListener('change', (event) => {\n            const file = event.target.files[0];\n            if (file) {\n                convertUploadStatus.textContent = \"Imagem: \" + file.name + \" carregada.\";\n                convertImageButton.disabled = false;\n                const reader = new FileReader();\n                reader.onload = (e) => {\n                    convertImage.src = e.target.result;\n                };\n                reader.readAsDataURL(file);\n            }\n        });\n\n        function convertAndDownloadImage() {\n            const ctx = convertCanvas.getContext('2d');\n            convertCanvas.width = convertImage.width;\n            convertCanvas.height = convertImage.height;\n            ctx.drawImage(convertImage, 0, 0);\n\n            const format = imageFormatSelect.value;\n            let dataURL;\n\n            if (format === 'jpeg') {\n                dataURL = convertCanvas.toDataURL('image\/jpeg', 0.9);\n            } else if (format === 'webp') {\n                dataURL = convertCanvas.toDataURL('image\/webp');\n            } else {\n                dataURL = convertCanvas.toDataURL('image\/png');\n            }\n\n            \/\/ Download autom\u00e1tico\n            const link = document.createElement('a');\n            link.href = dataURL;\n            link.download = `imagem-convertida.${format}`;\n            link.click();  \/\/ Dispara o download autom\u00e1tico\n        }\n\n        convertImageButton.addEventListener('click', convertAndDownloadImage);\n\n        \/\/ Fun\u00e7\u00e3o para o Upscaler de Imagem (mant\u00e9m o formato original)\n        const uploadUpscaleInput = document.getElementById('upload-upscale-image');\n        const upscaleImageButton = document.getElementById('upscaleImageButton');\n        const upscaleStatus = document.getElementById('upscale-status');\n        const upscaleUploadStatus = document.getElementById('upscale-upload-status');\n        let upscaleImage = new Image();\n        let upscaleImageFormat = '';  \/\/ Mant\u00e9m o formato original\n\n        uploadUpscaleInput.addEventListener('change', (event) => {\n            const file = event.target.files[0];\n            if (file) {\n                upscaleUploadStatus.textContent = \"Imagem: \" + file.name + \" carregada.\";\n                upscaleImageButton.disabled = false;\n                upscaleImageFormat = file.type.split('\/')[1];  \/\/ Armazena o formato original\n                const reader = new FileReader();\n                reader.onload = (e) => {\n                    upscaleImage.src = e.target.result;\n                };\n                reader.readAsDataURL(file);\n            }\n        });\n\n        function upscaleImageAndDownload() {\n            const ctx = upscaleCanvas.getContext('2d');\n            upscaleCanvas.width = upscaleImage.width * 2;\n            upscaleCanvas.height = upscaleImage.height * 2;\n            ctx.drawImage(upscaleImage, 0, 0, upscaleCanvas.width, upscaleCanvas.height);\n\n            \/\/ Usa o formato original da imagem\n            let dataURL;\n            if (upscaleImageFormat === 'jpeg') {\n                dataURL = upscaleCanvas.toDataURL('image\/jpeg', 0.9);\n            } else if (upscaleImageFormat === 'webp') {\n                dataURL = upscaleCanvas.toDataURL('image\/webp');\n            } else {\n                dataURL = upscaleCanvas.toDataURL('image\/png');\n            }\n\n            \/\/ Download autom\u00e1tico com o formato original\n            const link = document.createElement('a');\n            link.href = dataURL;\n            link.download = `imagem-upscaled.${upscaleImageFormat}`;\n            link.click();  \/\/ Dispara o download autom\u00e1tico\n        }\n\n        upscaleImageButton.addEventListener('click', upscaleImageAndDownload);\n    <\/script>\n    <\/div>\n\t\t\t\t\t\t<\/div>\n\t\t\t\t<\/div>\n\t\t\t\t\t<\/div>\n\t\t\t\t<\/div>\n\t\t<div class=\"elementor-element elementor-element-4fb083d e-flex e-con-boxed e-con e-parent\" data-id=\"4fb083d\" data-element_type=\"container\" data-e-type=\"container\">\n\t\t\t\t\t<div class=\"e-con-inner\">\n\t\t\t\t<div class=\"elementor-element elementor-element-dcbb5d3 elementor-widget elementor-widget-text-editor\" data-id=\"dcbb5d3\" data-element_type=\"widget\" data-e-type=\"widget\" data-widget_type=\"text-editor.default\">\n\t\t\t\t<div class=\"elementor-widget-container\">\n\t\t\t\t\t\t\t\t\t<h2 style=\"font-weight: var(--pchead-wei); font-family: var(--pchead-font); color: #313131; text-align: left; letter-spacing: normal;\">Quando Usar o Upscaling?<\/h2><ol><li><p><span style=\"font-weight: bold;\">Imagens para E-commerce<\/span>: Produtos com imagens n\u00edtidas e de alta resolu\u00e7\u00e3o t\u00eam uma maior chance de atrair compradores. Estudos mostram que consumidores preferem visualizar produtos em detalhes, e imagens de baixa qualidade podem afetar as decis\u00f5es de compra.<\/p><\/li><li><p><span style=\"font-weight: bold;\">Conte\u00fado de Redes Sociais<\/span>: Plataformas como Instagram e Facebook favorecem imagens de alta resolu\u00e7\u00e3o, o que pode melhorar o engajamento. Se voc\u00ea est\u00e1 reutilizando imagens antigas ou de baixa qualidade, o upscaling pode ser uma excelente ferramenta para mant\u00ea-las atualizadas.<\/p><\/li><li><p><span style=\"font-weight: bold;\">Fotos Antigas e Arquivos<\/span>: Para quem lida com digitaliza\u00e7\u00e3o de arquivos ou fotos antigas, o upscaling com IA pode melhorar drasticamente a qualidade, restaurando detalhes que podem ter sido perdidos devido \u00e0 baixa resolu\u00e7\u00e3o original.<\/p><\/li><li><span style=\"font-weight: bold;\">Imagens geradas por Intelig\u00eancia Artificial:\u00a0<\/span>Muitos geradores de imagens por IA criam os arquivos em WEBP, que apesar de disponibilizarem resolu\u00e7\u00f5es atrativas, possuem barreiras no momento de upload e venda das imagens em reposit\u00f3rios de conte\u00fados &#8211; Ex.: Adobe Stock &#8211; que remuneram os autores das imagens. O Upscaling da Wistor permite que voc\u00ea n\u00e3o somente converta as fotos para PNG e JPEG, como tamb\u00e9m melhore a resolu\u00e7\u00e3o das imagens.<\/li><\/ol>\t\t\t\t\t\t\t\t<\/div>\n\t\t\t\t<\/div>\n\t\t\t\t\t<\/div>\n\t\t\t\t<\/div>\n\t\t<div class=\"elementor-element elementor-element-dd6c7fb e-flex e-con-boxed e-con e-parent\" data-id=\"dd6c7fb\" data-element_type=\"container\" data-e-type=\"container\">\n\t\t\t\t\t<div class=\"e-con-inner\">\n\t\t\t\t<div class=\"elementor-element elementor-element-89f3dbf elementor-widget elementor-widget-text-editor\" data-id=\"89f3dbf\" data-element_type=\"widget\" data-e-type=\"widget\" data-widget_type=\"text-editor.default\">\n\t\t\t\t<div class=\"elementor-widget-container\">\n\t\t\t\t\t\t\t\t\t<p>Investir em imagens de alta qualidade \u00e9 fundamental para qualquer tipo de conte\u00fado na web. Com o <strong>Upscaler de Imagens<\/strong>, voc\u00ea pode garantir que suas fotos, gr\u00e1ficos e outras artes visuais tenham a melhor apar\u00eancia poss\u00edvel, independentemente da sua resolu\u00e7\u00e3o original.<\/p>\t\t\t\t\t\t\t\t<\/div>\n\t\t\t\t<\/div>\n\t\t\t\t\t<\/div>\n\t\t\t\t<\/div>\n\t\t\t\t<\/div>\n\t\t","protected":false},"excerpt":{"rendered":"<p>Converta e melhore a resolu\u00e7\u00e3o das suas imagens, gr\u00e1tis! Editor de Imagens gratuito Seja voc\u00ea um fot\u00f3grafo, criador de conte\u00fado por Intelig\u00eancia&hellip;<\/p>\n","protected":false},"author":1,"featured_media":0,"parent":0,"menu_order":0,"comment_status":"closed","ping_status":"closed","template":"","meta":{"_lmt_disableupdate":"no","_lmt_disable":"","footnotes":""},"class_list":["post-4817","page","type-page","status-publish","hentry"],"yoast_head":"<!-- This site is optimized with the Yoast SEO plugin v27.3 - https:\/\/yoast.com\/product\/yoast-seo-wordpress\/ -->\n<title>Editor gratuito de Imagens: Convers\u00e3o de formato e Aumento de Resolu\u00e7\u00e3o<\/title>\n<meta name=\"description\" content=\"Melhore a qualidade das suas imagens de forma r\u00e1pida e autom\u00e1tica com o nosso upscaler e conversor de imagens online. Tudo isso Gr\u00e1tis!\" \/>\n<meta name=\"robots\" content=\"index, follow, max-snippet:-1, max-image-preview:large, max-video-preview:-1\" \/>\n<link rel=\"canonical\" href=\"https:\/\/wistor.com.br\/blog\/conversor-e-upscaler-de-imagem\/\" \/>\n<meta property=\"og:locale\" content=\"pt_BR\" \/>\n<meta property=\"og:type\" content=\"article\" \/>\n<meta property=\"og:title\" content=\"Editor gratuito de Imagens: Convers\u00e3o de formato e Aumento de Resolu\u00e7\u00e3o\" \/>\n<meta property=\"og:description\" content=\"Melhore a qualidade das suas imagens de forma r\u00e1pida e autom\u00e1tica com o nosso upscaler e conversor de imagens online. Tudo isso Gr\u00e1tis!\" \/>\n<meta property=\"og:url\" content=\"https:\/\/wistor.com.br\/blog\/conversor-e-upscaler-de-imagem\/\" \/>\n<meta property=\"og:site_name\" content=\"Wistor\" \/>\n<meta property=\"article:publisher\" content=\"https:\/\/www.facebook.com\/wishastorage\/\" \/>\n<meta property=\"article:modified_time\" content=\"2024-10-20T21:48:28+00:00\" \/>\n<meta name=\"twitter:card\" content=\"summary_large_image\" \/>\n<meta name=\"twitter:label1\" content=\"Est. tempo de leitura\" \/>\n\t<meta name=\"twitter:data1\" content=\"3 minutos\" \/>\n<!-- \/ Yoast SEO plugin. -->","yoast_head_json":{"title":"Editor gratuito de Imagens: Convers\u00e3o de formato e Aumento de Resolu\u00e7\u00e3o","description":"Melhore a qualidade das suas imagens de forma r\u00e1pida e autom\u00e1tica com o nosso upscaler e conversor de imagens online. Tudo isso Gr\u00e1tis!","robots":{"index":"index","follow":"follow","max-snippet":"max-snippet:-1","max-image-preview":"max-image-preview:large","max-video-preview":"max-video-preview:-1"},"canonical":"https:\/\/wistor.com.br\/blog\/conversor-e-upscaler-de-imagem\/","og_locale":"pt_BR","og_type":"article","og_title":"Editor gratuito de Imagens: Convers\u00e3o de formato e Aumento de Resolu\u00e7\u00e3o","og_description":"Melhore a qualidade das suas imagens de forma r\u00e1pida e autom\u00e1tica com o nosso upscaler e conversor de imagens online. Tudo isso Gr\u00e1tis!","og_url":"https:\/\/wistor.com.br\/blog\/conversor-e-upscaler-de-imagem\/","og_site_name":"Wistor","article_publisher":"https:\/\/www.facebook.com\/wishastorage\/","article_modified_time":"2024-10-20T21:48:28+00:00","twitter_card":"summary_large_image","twitter_misc":{"Est. tempo de leitura":"3 minutos"},"schema":{"@context":"https:\/\/schema.org","@graph":[{"@type":"WebPage","@id":"https:\/\/wistor.com.br\/blog\/conversor-e-upscaler-de-imagem\/","url":"https:\/\/wistor.com.br\/blog\/conversor-e-upscaler-de-imagem\/","name":"Editor gratuito de Imagens: Convers\u00e3o de formato e Aumento de Resolu\u00e7\u00e3o","isPartOf":{"@id":"https:\/\/wistor.com.br\/blog\/#website"},"datePublished":"2024-10-20T16:56:00+00:00","dateModified":"2024-10-20T21:48:28+00:00","description":"Melhore a qualidade das suas imagens de forma r\u00e1pida e autom\u00e1tica com o nosso upscaler e conversor de imagens online. Tudo isso Gr\u00e1tis!","breadcrumb":{"@id":"https:\/\/wistor.com.br\/blog\/conversor-e-upscaler-de-imagem\/#breadcrumb"},"inLanguage":"pt-BR","potentialAction":[{"@type":"ReadAction","target":["https:\/\/wistor.com.br\/blog\/conversor-e-upscaler-de-imagem\/"]}]},{"@type":"BreadcrumbList","@id":"https:\/\/wistor.com.br\/blog\/conversor-e-upscaler-de-imagem\/#breadcrumb","itemListElement":[{"@type":"ListItem","position":1,"name":"Home","item":"https:\/\/wistor.com.br\/blog\/"},{"@type":"ListItem","position":2,"name":"Editor gratuito de Imagens: Convers\u00e3o de formato e Aumento de Resolu\u00e7\u00e3o"}]},{"@type":"WebSite","@id":"https:\/\/wistor.com.br\/blog\/#website","url":"https:\/\/wistor.com.br\/blog\/","name":"Wistor","description":"O blog inovador de empreendedorismo, setores imobili\u00e1rio e log\u00edstico.","potentialAction":[{"@type":"SearchAction","target":{"@type":"EntryPoint","urlTemplate":"https:\/\/wistor.com.br\/blog\/?s={search_term_string}"},"query-input":{"@type":"PropertyValueSpecification","valueRequired":true,"valueName":"search_term_string"}}],"inLanguage":"pt-BR"}]}},"_links":{"self":[{"href":"https:\/\/wistor.com.br\/blog\/wp-json\/wp\/v2\/pages\/4817","targetHints":{"allow":["GET"]}}],"collection":[{"href":"https:\/\/wistor.com.br\/blog\/wp-json\/wp\/v2\/pages"}],"about":[{"href":"https:\/\/wistor.com.br\/blog\/wp-json\/wp\/v2\/types\/page"}],"author":[{"embeddable":true,"href":"https:\/\/wistor.com.br\/blog\/wp-json\/wp\/v2\/users\/1"}],"replies":[{"embeddable":true,"href":"https:\/\/wistor.com.br\/blog\/wp-json\/wp\/v2\/comments?post=4817"}],"version-history":[{"count":35,"href":"https:\/\/wistor.com.br\/blog\/wp-json\/wp\/v2\/pages\/4817\/revisions"}],"predecessor-version":[{"id":4857,"href":"https:\/\/wistor.com.br\/blog\/wp-json\/wp\/v2\/pages\/4817\/revisions\/4857"}],"wp:attachment":[{"href":"https:\/\/wistor.com.br\/blog\/wp-json\/wp\/v2\/media?parent=4817"}],"curies":[{"name":"wp","href":"https:\/\/api.w.org\/{rel}","templated":true}]}}